
{"id":4620,"date":"2022-03-15T09:26:14","date_gmt":"2022-03-15T09:26:14","guid":{"rendered":"https:\/\/blissful-mendel.51-68-228-109.plesk.page\/?page_id=4620"},"modified":"2022-03-15T09:28:42","modified_gmt":"2022-03-15T09:28:42","slug":"legal","status":"publish","type":"page","link":"https:\/\/blissful-mendel.51-68-228-109.plesk.page\/index.php\/legal\/","title":{"rendered":"LEGAL"},"content":{"rendered":"\t\t<div data-elementor-type=\"wp-page\" data-elementor-id=\"4620\" class=\"elementor elementor-4620\" data-elementor-settings=\"[]\">\n\t\t\t\t\t\t\t<div class=\"elementor-section-wrap\">\n\t\t\t\t\t\t\t<section class=\"elementor-section elementor-top-section elementor-element elementor-element-9e0a63f elementor-section-boxed elementor-section-height-default elementor-section-height-default\" data-id=\"9e0a63f\" data-element_type=\"section\">\n\t\t\t\t\t\t<div class=\"elementor-container elementor-column-gap-default\">\n\t\t\t\t\t<div class=\"elementor-column elementor-col-100 elementor-top-column elementor-element elementor-element-d049f85\" data-id=\"d049f85\" data-element_type=\"column\">\n\t\t\t<div class=\"elementor-widget-wrap elementor-element-populated\">\n\t\t\t\t\t\t\t\t<div class=\"elementor-element elementor-element-9d25e9a elementor-widget elementor-widget-text-editor\" data-id=\"9d25e9a\" data-element_type=\"widget\" data-widget_type=\"text-editor.default\">\n\t\t\t\t<div class=\"elementor-widget-container\">\n\t\t\t<style>\/*! elementor - v3.5.5 - 03-02-2022 *\/\n.elementor-widget-text-editor.elementor-drop-cap-view-stacked .elementor-drop-cap{background-color:#818a91;color:#fff}.elementor-widget-text-editor.elementor-drop-cap-view-framed .elementor-drop-cap{color:#818a91;border:3px solid;background-color:transparent}.elementor-widget-text-editor:not(.elementor-drop-cap-view-default) .elementor-drop-cap{margin-top:8px}.elementor-widget-text-editor:not(.elementor-drop-cap-view-default) .elementor-drop-cap-letter{width:1em;height:1em}.elementor-widget-text-editor .elementor-drop-cap{float:left;text-align:center;line-height:1;font-size:50px}.elementor-widget-text-editor .elementor-drop-cap-letter{display:inline-block}<\/style>\t\t\t\t<p class=\"p1\"><b>RESPONSABLE DEL TRATAMIENTO<\/b><\/p><p class=\"p2\">El responsable del Tratamiento es ASTRA YACHTING SERVICES SL, CALLE SAN TELMO, No2, 07800, EIVISSA (ILLES BALEARS).<span class=\"Apple-converted-space\">\u00a0<\/span><\/p><p class=\"p1\"><b>Principios de privacidad<span class=\"Apple-converted-space\">\u00a0<\/span><\/b><\/p><p class=\"p2\">Desde ASTRA YACHTING SERVICES SL nos comprometemos contigo a trabajar continuamente para garantizar la privacidad en el tratamiento de tus datos personales, y para ofrecerte en cada momento la informaci\u00f3n m\u00e1s completa y clara que podamos. Te animamos a leer detenidamente esta secci\u00f3n antes de facilitarnos tus datos personales. Si eres menor de catorce a\u00f1os te rogamos que no nos facilites tus datos sin consentimiento de tus padres.<br \/>En este apartado te informamos de c\u00f3mo tratamos los datos de las personas que tienen relaci\u00f3n con nuestra organizaci\u00f3n. Empezando por nuestros principios:<span class=\"Apple-converted-space\">\u00a0<\/span><\/p><p class=\"p2\">\u2013 No solicitamos informaci\u00f3n personal, a no ser que sea necesaria para prestarte los servicios que nos requieras.<br \/>\u2013 Nunca compartimos informaci\u00f3n personal con nadie, excepto para cumplir la ley, o contemos con tu autorizaci\u00f3n expresa.<span class=\"Apple-converted-space\">\u00a0<\/span><\/p><p class=\"p2\">\u2013 Nunca utilizaremos tus datos personales para finalidades distintas a las expresadas en la presente pol\u00edtica de privacidad.<br \/>\u2013 Tus datos siempre ser\u00e1n tratados con un nivel de protecci\u00f3n adecuado a la legislaci\u00f3n en materia de protecci\u00f3n de datos, y no los someteremos a decisiones automatizadas.<span class=\"Apple-converted-space\">\u00a0<\/span><\/p><p class=\"p2\">La presente pol\u00edtica de privacidad la hemos redactado teniendo en cuenta las exigencias de la actual legislaci\u00f3n de protecci\u00f3n de datos:<br \/>\u2013 Reglamento (UE) 2016\/679 del Parlamento Europeo y del Consejo de 27 de abril de 2016 relativo a la protecci\u00f3n de las personas f\u00edsicas (RGPD).<span class=\"Apple-converted-space\">\u00a0<\/span><\/p><p class=\"p2\">\u2013 Ley Org\u00e1nica 15\/1999, de 13 de diciembre, de Protecci\u00f3n de Datos de Car\u00e1cter Personal (LOPD).<br \/>\u2013 Real Decreto 1720\/2007, de 21 de diciembre (RLOPD).<span class=\"Apple-converted-space\">\u00a0<\/span><\/p><p class=\"p2\">Esta pol\u00edtica de privacidad est\u00e1 redactada con fecha 25 de mayo de 2018.<br \/>Con motivo de la modificaci\u00f3n de criterios de tratamiento, en aras de facilitar su comprensi\u00f3n o de adaptarla a la legalidad vigente, es posible que modifiquemos la presente pol\u00edtica de privacidad. Actualizaremos la fecha de la misma, para que puedas comprobar su vigencia.<span class=\"Apple-converted-space\">\u00a0<\/span><\/p><p class=\"p1\"><b>Tratamientos que realizamos<span class=\"Apple-converted-space\">\u00a0<\/span><\/b><\/p><p class=\"p2\"><b>TRATAMIENTO DE CONTACTOS<\/b><\/p><p class=\"p2\">Finalidad: Atender tus solicitudes, peticiones o consultas recibidas desde la web, mediante correo electr\u00f3nico o telef\u00f3nico. Dar respuesta a tu solicitud y hacer un seguimiento posterior.<br \/>Legitimaci\u00f3n: Consentimiento del interesado.<br \/>Destinatarios: No se ceder\u00e1n datos a terceros.<span class=\"Apple-converted-space\">\u00a0<\/span><\/p><p class=\"p2\"><b>Periodo de conservaci\u00f3n:<span class=\"Apple-converted-space\">\u00a0<\/span><\/b><\/p><p class=\"p2\">Conservaremos tus datos durante el tiempo necesario para cumplir con la finalidad para la que se ha recabado y para determinar las posibles responsabilidades que se pudieran derivar de dicha finalidad y del tratamiento de los datos.<span class=\"Apple-converted-space\">\u00a0<\/span><\/p><p class=\"p2\"><b>TRATAMIENTO DE CLIENTES<\/b><br \/>Finalidad: Gestionar las relaciones con los clientes, facturaci\u00f3n y cobro. Env\u00edo de ofertas de productos\/ servicios similares o complementarios de los que nos hayas comprado.<span class=\"Apple-converted-space\">\u00a0<\/span><\/p><p class=\"p2\">Legitimaci\u00f3n: Relaci\u00f3n contractual e inter\u00e9s leg\u00edtimo.<br \/>Destinatarios: Tus datos ser\u00e1n comunicados a las Administraciones p\u00fablicas competentes en los casos previstos en la legislaci\u00f3n vigente, y con los fines que dicha legislaci\u00f3n establezca. S\u00f3lo los comunicaremos a aquellos terceros si resultan imprescindibles para la prestaci\u00f3n del servicio.<br \/>Periodo de conservaci\u00f3n: Conservaremos tus datos por un tiempo indefinido una vez finalice el plazo obligatorio por ley, o hasta que solicites la cancelaci\u00f3n de estos.<span class=\"Apple-converted-space\">\u00a0<\/span><\/p><p class=\"p2\"><b>TRATAMIENTO DE MARKETING<\/b><br \/>Finalidad: Proporcionarte informaci\u00f3n de productos y servicios que consideremos que puedan ser de tu inter\u00e9s. En cada comunicaci\u00f3n comercial tendr\u00e1s la oportunidad de oponerte a este tratamiento d\u00e1ndote de baja.<br \/>Legitimaci\u00f3n: Consentimiento del interesado.<br \/>Destinatarios: No se ceder\u00e1n datos a terceros.<br \/>Periodo de conservaci\u00f3n: Conservaremos tus datos durante un periodo indefinido. Los cancelaremos si lo solicitas, o si tras un cierto n\u00famero de correos electr\u00f3nicos, no realizas ninguna acci\u00f3n.<span class=\"Apple-converted-space\">\u00a0<\/span><\/p><p class=\"p2\"><b>TRATAMIENTO DE RRHH<\/b><br \/>Finalidad: Valorar el curriculum vitae que nos facilites para considerarte en los procesos de selecci\u00f3n de personal que podamos realizar.<br \/>Legitimaci\u00f3n: Consentimiento del interesado.<br \/>Destinatarios: No se ceder\u00e1n datos a terceros.<br \/>Periodo de conservaci\u00f3n: Conservaremos tus datos durante un plazo no superior a 5 a\u00f1os.<span class=\"Apple-converted-space\">\u00a0<\/span><\/p><p class=\"p2\"><b>TRATAMIENTO DE VIDEOVIGILANCIA<\/b><br \/>Finalidad: Videovigilancia de las instalaciones y control laboral. Legitimaci\u00f3n: Inter\u00e9s leg\u00edtimo del responsable del tratamiento.<span class=\"Apple-converted-space\">\u00a0<\/span><\/p><p class=\"p1\"><b>Destinatarios:<\/b><\/p><p class=\"p2\"><span class=\"Apple-converted-space\">\u00a0<\/span>Las im\u00e1genes podr\u00e1n ser comunicadas a las Fuerzas y Cuerpos de Seguridad, a los \u00d3rganos Judiciales y al Ministerio Fiscal.<br \/>Periodo de conservaci\u00f3n: Conservaremos tus datos durante un plazo no superior a 1 mes.<span class=\"Apple-converted-space\">\u00a0<\/span><\/p><p class=\"p2\"><b>Tus derechos<span class=\"Apple-converted-space\">\u00a0<\/span><\/b><\/p><p class=\"p2\">Tienes derecho a solicitarnos una copia de tus datos personales, a rectificar los datos inexactos o completarlos si estuvieren incompletos, o en su caso suprimirlos, cuando ya no sean necesarios para los fines para los que fueron recogidos.<span class=\"Apple-converted-space\">\u00a0<\/span><\/p><p class=\"p2\">Tambi\u00e9n tienes derecho a limitar el tratamiento de tus datos personales y a obtener tus datos personales en un formato estructurado y legible.<span class=\"Apple-converted-space\">\u00a0<\/span><\/p><p class=\"p2\">Puedes oponerte al tratamiento de tus datos personales en algunas circunstancias (en particular, cuando no tengamos que procesarlos para cumplir con un requisito contractual u otro requisito legal, o cuando el objeto del tratamiento sea el marketing directo).<span class=\"Apple-converted-space\">\u00a0<\/span><\/p><p class=\"p2\">Cuando nos hayas otorgado tu consentimiento, podr\u00e1s retirarlo en cualquier momento. En ese momento dejaremos de tratar tus datos o, en su caso, dejaremos de hacerlo para esa finalidad en concreto. Si decides retirar tu consentimiento, esto no afectar\u00e1 a ning\u00fan tratamiento que haya tenido lugar mientras tu consentimiento estaba vigente.<span class=\"Apple-converted-space\">\u00a0<\/span><\/p><p class=\"p2\">Estos derechos podr\u00e1n verse limitados; por ejemplo, si para cumplir tu solicitud tuvi\u00e9semos que revelar datos sobre otra persona, o si nos solicitas que eliminemos algunos registros que estamos obligados a mantener por una obligaci\u00f3n legal o por un inter\u00e9s leg\u00edtimo, como pueda ser el ejercicio de defensa ante reclamaciones. O incluso en aquellos casos donde debe prevalecer el derecho a la libertad de expresi\u00f3n e informaci\u00f3n.<span class=\"Apple-converted-space\">\u00a0<\/span><\/p><p class=\"p2\">Puedes contactar con nosotros por cualquiera de los medios indicados en el apartado Responsable del Tratamiento de esta pol\u00edtica de privacidad, aportando una copia de un documento que acredite tu identidad (normalmente el DNI).<\/p><p class=\"p2\">Otro de tus derechos es el de no ser objeto de una decisi\u00f3n basada \u00fanicamente en un tratamiento automatizado, incluida la elaboraci\u00f3n de perfiles que produzca efectos jur\u00eddicos o te afecte.<span class=\"Apple-converted-space\">\u00a0<\/span><\/p><p class=\"p2\">Frente a cualquier vulneraci\u00f3n de tus derechos, como, por ejemplo, que no hayamos atendido tu solicitud, tienes derecho a presentar una reclamaci\u00f3n ante la Autoridad de Control en materia de protecci\u00f3n de datos. Esta puede ser la de tu pa\u00eds (si vives fuera de Espa\u00f1a) o la Agencia Espa\u00f1ola de Protecci\u00f3n de Datos (si vives en Espa\u00f1a).<span class=\"Apple-converted-space\">\u00a0<\/span><\/p><p class=\"p2\"><b>Informaci\u00f3n adicional<span class=\"Apple-converted-space\">\u00a0<\/span><\/b><\/p><p class=\"p2\">Tratamiento de tus datos fuera del Espacio Econ\u00f3mico Europeo.<br \/>Para los tratamientos indicados podemos utilizar servicio de los siguientes proveedores ajenos al Espacio Econ\u00f3mico Europeo, pero acogidos al acuerdo de Privacy Shield, aprobado por las autoridades de protecci\u00f3n de datos de la Uni\u00f3n Europea.<span class=\"Apple-converted-space\">\u00a0<\/span><\/p><p class=\"p2\">GOOGLE: Servicios en la nube y correo electr\u00f3nico.<span class=\"Apple-converted-space\">\u00a0<\/span><\/p><p class=\"p2\">M\u00e1s informaci\u00f3n: htpps:\/\/www.privacyshield.gov\/participant?id=a2zt000000001L5AAI<span class=\"Apple-converted-space\">\u00a0<\/span><\/p><p class=\"p2\">MICROSOFT: Servicios en la nube, comunicaci\u00f3n v\u00eda Skype y correo electr\u00f3nico.<br \/>M\u00e1s informaci\u00f3n: htpps:\/\/www.privacyshield.gov\/participant?id=a2zt0000000KzNaAAK<span class=\"Apple-converted-space\">\u00a0<\/span><\/p><p class=\"p2\">AMAZON: Servicios en la nube. M\u00e1s informaci\u00f3n: htpps:\/\/www.privacyshield.gov\/participant? id=a2zt0000000TOWQAA4<span class=\"Apple-converted-space\">\u00a0<\/span><\/p><p class=\"p2\">DROPBOX: Almacenamiento en la nube, sincronizaci\u00f3n y compartici\u00f3n de archivos. M\u00e1s informaci\u00f3n: htpps:\/\/www.privacyshield.gov\/participant?id=a2zt0000000GnCLAA0<span class=\"Apple-converted-space\">\u00a0<\/span><\/p><p class=\"p2\">MAILCHIMP: Gesti\u00f3n de env\u00edos de correos electr\u00f3nicos. M\u00e1s informaci\u00f3n: htpps:\/\/www.privacyshield.gov\/participant?id=a2zt0000000TO6hAAG<span class=\"Apple-converted-space\">\u00a0<\/span><\/p><p class=\"p2\">WHATSAPP: Servicio de mensajer\u00eda instant\u00e1nea y env\u00edo de archivos. M\u00e1s informaci\u00f3n: h$ps:\/\/www.privacyshield.gov\/participant?id=a2zt0000000TSnwAAG<span class=\"Apple-converted-space\">\u00a0<\/span><\/p><p class=\"p2\"><b>Enlaces a sitios web de terceros.<\/b><br \/>Nuestro sitio web puede, en algunas ocasiones, contener enlaces hacia otros sitios web. Es tu responsabilidad asegurarte de leer la pol\u00edtica de protecci\u00f3n de datos y las condiciones legales que se apliquen a cada sitio.<span class=\"Apple-converted-space\">\u00a0<\/span><\/p><p class=\"p2\"><b>Datos de terceros.<\/b><br \/>Si nos facilitas datos de terceros, asumes la responsabilidad de informarles previamente seg\u00fan lo establecido en el art\u00edculo 14 del RGPD.<\/p>\t\t\t\t\t\t<\/div>\n\t\t\t\t<\/div>\n\t\t\t\t\t<\/div>\n\t\t<\/div>\n\t\t\t\t\t\t\t<\/div>\n\t\t<\/section>\n\t\t\t\t\t\t<\/div>\n\t\t\t\t\t<\/div>\n\t\t","protected":false},"excerpt":{"rendered":"<p>RESPONSABLE DEL TRATAMIENTO El responsable del Tratamiento es ASTRA YACHTING SERVICES SL, CALLE SAN TELMO, No2, 07800, EIVISSA (ILLES BALEARS).&nbsp; Principios de privacidad&nbsp; Desde ASTRA YACHTING SERVICES SL nos comprometemos contigo a trabajar continuamente para garantizar la privacidad en el tratamiento de tus datos personales, y para ofrecerte en cada momento la informaci\u00f3n m\u00e1s completa &hellip;<\/p>\n<p class=\"read-more\"> <a class=\"\" href=\"https:\/\/blissful-mendel.51-68-228-109.plesk.page\/index.php\/legal\/\"> <span class=\"screen-reader-text\">LEGAL<\/span> Read More &raquo;<\/a><\/p>\n","protected":false},"author":1,"featured_media":0,"parent":0,"menu_order":0,"comment_status":"closed","ping_status":"closed","template":"","meta":{"site-sidebar-layout":"no-sidebar","site-content-layout":"page-builder","ast-main-header-display":"","ast-hfb-above-header-display":"","ast-hfb-below-header-display":"","ast-hfb-mobile-header-display":"","site-post-title":"disabled","ast-breadcrumbs-content":"","ast-featured-img":"disabled","footer-sml-layout":"","theme-transparent-header-meta":"","adv-header-id-meta":"","stick-header-meta":"","header-above-stick-meta":"","header-main-stick-meta":"","header-below-stick-meta":"","footnotes":""},"class_list":["post-4620","page","type-page","status-publish","hentry"],"acf":[],"_links":{"self":[{"href":"https:\/\/blissful-mendel.51-68-228-109.plesk.page\/index.php\/wp-json\/wp\/v2\/pages\/4620","targetHints":{"allow":["GET"]}}],"collection":[{"href":"https:\/\/blissful-mendel.51-68-228-109.plesk.page\/index.php\/wp-json\/wp\/v2\/pages"}],"about":[{"href":"https:\/\/blissful-mendel.51-68-228-109.plesk.page\/index.php\/wp-json\/wp\/v2\/types\/page"}],"author":[{"embeddable":true,"href":"https:\/\/blissful-mendel.51-68-228-109.plesk.page\/index.php\/wp-json\/wp\/v2\/users\/1"}],"replies":[{"embeddable":true,"href":"https:\/\/blissful-mendel.51-68-228-109.plesk.page\/index.php\/wp-json\/wp\/v2\/comments?post=4620"}],"version-history":[{"count":5,"href":"https:\/\/blissful-mendel.51-68-228-109.plesk.page\/index.php\/wp-json\/wp\/v2\/pages\/4620\/revisions"}],"predecessor-version":[{"id":4626,"href":"https:\/\/blissful-mendel.51-68-228-109.plesk.page\/index.php\/wp-json\/wp\/v2\/pages\/4620\/revisions\/4626"}],"wp:attachment":[{"href":"https:\/\/blissful-mendel.51-68-228-109.plesk.page\/index.php\/wp-json\/wp\/v2\/media?parent=4620"}],"curies":[{"name":"wp","href":"https:\/\/api.w.org\/{rel}","templated":true}]}}